{"id":931,"date":"2016-04-06T09:57:26","date_gmt":"2016-04-06T09:57:26","guid":{"rendered":"http:\/\/alzuca.com\/en\/?page_id=931"},"modified":"2019-09-05T12:15:43","modified_gmt":"2019-09-05T12:15:43","slug":"contact","status":"publish","type":"page","link":"https:\/\/alzuca.com\/en\/contact\/","title":{"rendered":"Contact"},"content":{"rendered":"<p>[vc_row][vc_column width=&#8221;1\/2&#8243;][vc_text_separator title=&#8221;You can find us in&#8230;&#8221; i_icon_fontawesome=&#8221;fa fa-map-marker&#8221; i_color=&#8221;custom&#8221; i_size=&#8221;xl&#8221; title_align=&#8221;separator_align_left&#8221; color=&#8221;black&#8221; add_icon=&#8221;true&#8221; i_custom_color=&#8221;#0194e1&#8243;][vc_empty_space height=&#8221;10px&#8221;][vc_row_inner css=&#8221;.vc_custom_1453737835165{border-top-width: 5px !important;border-right-width: 5px !important;border-bottom-width: 5px !important;border-left-width: 5px !important;background-position: center !important;background-repeat: no-repeat !important;background-size: cover !important;border-left-color: #0194e1 !important;border-left-style: solid !important;border-right-color: #0194e1 !important;border-right-style: solid !important;border-top-color: #0194e1 !important;border-top-style: solid !important;border-bottom-color: #0194e1 !important;border-bottom-style: solid !important;border-radius: 15px !important;}&#8221;][vc_column_inner width=&#8221;1\/4&#8243;][vc_empty_space height=&#8221;45px&#8221;][vc_icon icon_fontawesome=&#8221;fa fa-home&#8221; color=&#8221;custom&#8221; size=&#8221;xl&#8221; align=&#8221;right&#8221; css_animation=&#8221;appear&#8221; custom_color=&#8221;#0194e1&#8243;][\/vc_column_inner][vc_column_inner width=&#8221;3\/4&#8243;][vc_column_text]<\/p>\n<p style=\"text-align: center; font-size: 16px;\"><strong>Industrias Alzuca, S.A<\/strong>.<\/p>\n<p style=\"text-align: center; font-size: 16px;\">Avenida Otaola 23<br \/>\nP.O. Box 120<br \/>\n20.600 Eibar,\u00a0Gipuzkoa<\/p>\n<p>[\/vc_column_text][\/vc_column_inner][\/vc_row_inner][vc_empty_space height=&#8221;10px&#8221;][vc_row_inner css=&#8221;.vc_custom_1453737774406{border-top-width: 5px !important;border-right-width: 5px !important;border-bottom-width: 5px !important;border-left-width: 5px !important;border-left-color: #0194e1 !important;border-left-style: solid !important;border-right-color: #0194e1 !important;border-right-style: solid !important;border-top-color: #0194e1 !important;border-top-style: solid !important;border-bottom-color: #0194e1 !important;border-bottom-style: solid !important;border-radius: 20px !important;}&#8221;][vc_column_inner width=&#8221;1\/4&#8243;][vc_icon icon_fontawesome=&#8221;fa fa-phone&#8221; color=&#8221;custom&#8221; size=&#8221;lg&#8221; align=&#8221;right&#8221; css_animation=&#8221;appear&#8221; custom_color=&#8221;#0194e1&#8243;][\/vc_column_inner][vc_column_inner width=&#8221;3\/4&#8243;][vc_column_text]<\/p>\n<p style=\"font-size: 16px; text-align: center;\"><strong>+34 943 201 390<\/strong><\/p>\n<p style=\"font-size: 16px; text-align: center;\"><strong>+34 943 203 740\u00a0<\/strong><\/p>\n<p>[\/vc_column_text][\/vc_column_inner][\/vc_row_inner][vc_empty_space height=&#8221;10px&#8221;][vc_row_inner css=&#8221;.vc_custom_1453737793342{border-top-width: 5px !important;border-right-width: 5px !important;border-bottom-width: 5px !important;border-left-width: 5px !important;border-left-color: #0194e1 !important;border-left-style: solid !important;border-right-color: #0194e1 !important;border-right-style: solid !important;border-top-color: #0194e1 !important;border-top-style: solid !important;border-bottom-color: #0194e1 !important;border-bottom-style: solid !important;border-radius: 20px !important;}&#8221;][vc_column_inner width=&#8221;1\/4&#8243;][vc_icon icon_fontawesome=&#8221;fa fa-print&#8221; color=&#8221;custom&#8221; size=&#8221;lg&#8221; align=&#8221;right&#8221; css_animation=&#8221;appear&#8221; custom_color=&#8221;#0194e1&#8243;][\/vc_column_inner][vc_column_inner width=&#8221;3\/4&#8243;][vc_column_text]<\/p>\n<p style=\"text-align: center; font-size: 16px;\"><strong>+34 943 700 708<\/strong><\/p>\n<p>[\/vc_column_text][\/vc_column_inner][\/vc_row_inner][vc_empty_space height=&#8221;10px&#8221;][vc_row_inner css=&#8221;.vc_custom_1453737812339{border-top-width: 5px !important;border-right-width: 5px !important;border-bottom-width: 5px !important;border-left-width: 5px !important;border-left-color: #0194e1 !important;border-left-style: solid !important;border-right-color: #0194e1 !important;border-right-style: solid !important;border-top-color: #0194e1 !important;border-top-style: solid !important;border-bottom-color: #0194e1 !important;border-bottom-style: solid !important;border-radius: 20px !important;}&#8221;][vc_column_inner width=&#8221;1\/4&#8243;][vc_icon icon_fontawesome=&#8221;fa fa-envelope&#8221; color=&#8221;custom&#8221; size=&#8221;lg&#8221; align=&#8221;right&#8221; css_animation=&#8221;appear&#8221; custom_color=&#8221;#0194e1&#8243;][\/vc_column_inner][vc_column_inner width=&#8221;3\/4&#8243;][vc_column_text]<\/p>\n<p style=\"text-align: center; font-size: 16px;\"><strong><img loading=\"lazy\" decoding=\"async\" class=\"alignnone size-full wp-image-999\" src=\"http:\/\/alzuca.com\/wp-content\/uploads\/2015\/12\/contacto_mail.jpg\" alt=\"contacto_mail\" width=\"135\" height=\"18\" \/><br \/>\n<\/strong><\/p>\n<p>[\/vc_column_text][\/vc_column_inner][\/vc_row_inner][vc_empty_space height=&#8221;10px&#8221;][vc_empty_space height=&#8221;10px&#8221;][vc_raw_html]JTNDaWZyYW1lJTIwc3JjJTNEJTIyaHR0cHMlM0ElMkYlMkZ3d3cuZ29vZ2xlLmNvbSUyRm1hcHMlMkZlbWJlZCUzRnBiJTNEJTIxMW0xOCUyMTFtMTIlMjExbTMlMjExZDI5MDkuMzgzODgyNjI3ODEzNCUyMTJkLTIuNDg3OTA2Mjg0MjMzMzMzJTIxM2Q0My4xODA0NTUzOTA4ODgxNyUyMTJtMyUyMTFmMCUyMTJmMCUyMTNmMCUyMTNtMiUyMTFpMTAyNCUyMTJpNzY4JTIxNGYxMy4xJTIxM20zJTIxMW0yJTIxMXMweGQ0ZTJhZjE2N2YwNGJmYiUyNTNBMHhjZDFkZjA1YTFiNDIzZGM3JTIxMnNPdGFvbGElMjUyMEhpcmliaWRlYSUyNTJDJTI1MjAyMyUyNTJDJTI1MjAyMDYwMCUyNTIwRWliYXIlMjUyQyUyNTIwR2lwdXprb2ElMjE1ZTAlMjEzbTIlMjExc2VzJTIxMnNlcyUyMTR2MTU2NzY4NTYxNzEzNiUyMTVtMiUyMTFzZXMlMjEyc2VzJTIyJTIwd2lkdGglM0QlMjI2MDAlMjIlMjBoZWlnaHQlM0QlMjI0NTAlMjIlMjBmcmFtZWJvcmRlciUzRCUyMjAlMjIlMjBzdHlsZSUzRCUyMmJvcmRlciUzQTAlM0IlMjIlMjBhbGxvd2Z1bGxzY3JlZW4lM0QlMjIlMjIlM0UlM0MlMkZpZnJhbWUlM0U=[\/vc_raw_html][\/vc_column][vc_column width=&#8221;1\/2&#8243;][vc_text_separator title=&#8221;Can we help you?&#8221; i_icon_fontawesome=&#8221;fa fa-question-circle&#8221; i_color=&#8221;custom&#8221; i_size=&#8221;xl&#8221; title_align=&#8221;separator_align_left&#8221; color=&#8221;black&#8221; add_icon=&#8221;true&#8221; i_custom_color=&#8221;#0194e1&#8243;][vc_row_inner][vc_column_inner width=&#8221;1\/4&#8243;][\/vc_column_inner][vc_column_inner width=&#8221;3\/4&#8243;][vc_column_text]\n<div class=\"wpcf7 no-js\" id=\"wpcf7-f932-o1\" lang=\"es-ES\" dir=\"ltr\">\n<div class=\"screen-reader-response\"><p role=\"status\" aria-live=\"polite\" aria-atomic=\"true\"><\/p> <ul><\/ul><\/div>\n<form action=\"\/en\/wp-json\/wp\/v2\/pages\/931#wpcf7-f932-o1\" method=\"post\" class=\"wpcf7-form init\" aria-label=\"Formulario de contacto\" novalidate=\"novalidate\" data-status=\"init\">\n<div style=\"display: none;\">\n<input type=\"hidden\" name=\"_wpcf7\" value=\"932\" \/>\n<input type=\"hidden\" name=\"_wpcf7_version\" value=\"5.8.6\" \/>\n<input type=\"hidden\" name=\"_wpcf7_locale\" value=\"es_ES\" \/>\n<input type=\"hidden\" name=\"_wpcf7_unit_tag\" value=\"wpcf7-f932-o1\" \/>\n<input type=\"hidden\" name=\"_wpcf7_container_post\" value=\"0\" \/>\n<input type=\"hidden\" name=\"_wpcf7_posted_data_hash\" value=\"\" \/>\n<\/div>\n<p><span id=\"wpcf7-69ea3690274ed-wrapper\" class=\"wpcf7-form-control-wrap newname2-wrap\" style=\"display:none !important; visibility:hidden !important;\"><label for=\"wpcf7-69ea3690274ed-field\" class=\"hp-message\">Por favor, deja este campo vac\u00edo.<\/label><input id=\"wpcf7-69ea3690274ed-field\"  class=\"wpcf7-form-control wpcf7-text\" type=\"text\" name=\"newname2\" value=\"\" size=\"40\" tabindex=\"-1\" autocomplete=\"new-password\" \/><\/span>\n<\/p>\n<p>Name *\n<\/p>\n<p><span class=\"wpcf7-form-control-wrap\" data-name=\"nombre\"><input size=\"40\" class=\"wpcf7-form-control wpcf7-text wpcf7-validates-as-required\" aria-required=\"true\" aria-invalid=\"false\" value=\"\" type=\"text\" name=\"nombre\" \/><\/span>\n<\/p>\n<p>Company *\n<\/p>\n<p><span class=\"wpcf7-form-control-wrap\" data-name=\"empresa\"><input size=\"40\" class=\"wpcf7-form-control wpcf7-text wpcf7-validates-as-required\" aria-required=\"true\" aria-invalid=\"false\" value=\"\" type=\"text\" name=\"empresa\" \/><\/span>\n<\/p>\n<p>Position\n<\/p>\n<p><span class=\"wpcf7-form-control-wrap\" data-name=\"cargo\"><input size=\"40\" class=\"wpcf7-form-control wpcf7-text\" aria-invalid=\"false\" value=\"\" type=\"text\" name=\"cargo\" \/><\/span>\n<\/p>\n<p>Activity\n<\/p>\n<p><span class=\"wpcf7-form-control-wrap\" data-name=\"actividad\"><input size=\"40\" class=\"wpcf7-form-control wpcf7-text\" aria-invalid=\"false\" value=\"\" type=\"text\" name=\"actividad\" \/><\/span>\n<\/p>\n<p>Address\n<\/p>\n<p><span class=\"wpcf7-form-control-wrap\" data-name=\"direccion\"><input size=\"40\" class=\"wpcf7-form-control wpcf7-text\" aria-invalid=\"false\" value=\"\" type=\"text\" name=\"direccion\" \/><\/span>\n<\/p>\n<p>City\n<\/p>\n<p><span class=\"wpcf7-form-control-wrap\" data-name=\"poblacion\"><input size=\"40\" class=\"wpcf7-form-control wpcf7-text\" aria-invalid=\"false\" value=\"\" type=\"text\" name=\"poblacion\" \/><\/span>\n<\/p>\n<p>Postal Code\n<\/p>\n<p><span class=\"wpcf7-form-control-wrap\" data-name=\"codigo\"><input class=\"wpcf7-form-control wpcf7-number wpcf7-validates-as-number\" aria-invalid=\"false\" value=\"\" type=\"number\" name=\"codigo\" \/><\/span>\n<\/p>\n<p>Country\n<\/p>\n<p><span class=\"wpcf7-form-control-wrap\" data-name=\"pais\"><input size=\"40\" class=\"wpcf7-form-control wpcf7-text\" aria-invalid=\"false\" value=\"\" type=\"text\" name=\"pais\" \/><\/span>\n<\/p>\n<p>Telephone number\n<\/p>\n<p><span class=\"wpcf7-form-control-wrap\" data-name=\"telefono\"><input size=\"40\" class=\"wpcf7-form-control wpcf7-tel wpcf7-text wpcf7-validates-as-tel\" aria-invalid=\"false\" value=\"\" type=\"tel\" name=\"telefono\" \/><\/span>\n<\/p>\n<p>Fax number\n<\/p>\n<p><span class=\"wpcf7-form-control-wrap\" data-name=\"fax\"><input size=\"40\" class=\"wpcf7-form-control wpcf7-text\" aria-invalid=\"false\" value=\"\" type=\"text\" name=\"fax\" \/><\/span>\n<\/p>\n<p>Email *\n<\/p>\n<p><span class=\"wpcf7-form-control-wrap\" data-name=\"email\"><input size=\"40\" class=\"wpcf7-form-control wpcf7-email wpcf7-validates-as-required wpcf7-text wpcf7-validates-as-email\" aria-required=\"true\" aria-invalid=\"false\" value=\"\" type=\"email\" name=\"email\" \/><\/span>\n<\/p>\n<p>Comments\n<\/p>\n<p><span class=\"wpcf7-form-control-wrap\" data-name=\"observaciones\"><textarea cols=\"40\" rows=\"10\" class=\"wpcf7-form-control wpcf7-textarea\" aria-invalid=\"false\" name=\"observaciones\"><\/textarea><\/span>\n<\/p>\n<p><input class=\"wpcf7-form-control wpcf7-submit has-spinner\" type=\"submit\" value=\"Send\" \/>\n<\/p>\n<p><span class=\"wpcf7-form-control-wrap\" data-name=\"your-consent\"><span class=\"wpcf7-form-control wpcf7-acceptance\"><span class=\"wpcf7-list-item\"><label><input type=\"checkbox\" name=\"your-consent\" value=\"1\" aria-invalid=\"false\" \/><span class=\"wpcf7-list-item-label\"><b>He le\u00eddo y acepto la <a href=\"http:\/\/alzuca.com\/politica-privacidad\"> POL\u00cdTICA DE PRIVACIDAD <\/a><\/b><\/span><\/label><\/span><\/span><\/span>\n<\/p><p style=\"display: none !important;\" class=\"akismet-fields-container\" data-prefix=\"_wpcf7_ak_\"><label>&#916;<textarea name=\"_wpcf7_ak_hp_textarea\" cols=\"45\" rows=\"8\" maxlength=\"100\"><\/textarea><\/label><input type=\"hidden\" id=\"ak_js_1\" name=\"_wpcf7_ak_js\" value=\"107\"\/><script>document.getElementById( \"ak_js_1\" ).setAttribute( \"value\", ( new Date() ).getTime() );<\/script><\/p><div class=\"wpcf7-response-output\" aria-hidden=\"true\"><\/div>\n<\/form>\n<\/div>\n[\/vc_column_text][vc_column_text]<strong>Informaci\u00f3n b\u00e1sica sobre Protecci\u00f3n de Datos<\/strong><br \/>\n<strong>Responsable:<\/strong> INDUSTRIAS ALZUCA, S.A.<br \/>\n<strong>Finalidad:<\/strong> Atender las solicitudes realizadas<br \/>\n<strong>Legitimaci\u00f3n:<\/strong> Consentimiento del interesado<br \/>\n<strong>Destinatarios:<\/strong> No se ceder\u00e1n datos a terceros, salvo obligaci\u00f3n legal<br \/>\n<strong>Derechos:<\/strong> Acceder, rectificar y suprimir los datos, as\u00ed como otros derechos, como se explica en la informaci\u00f3n adicional<br \/>\n<strong>Informaci\u00f3n adicional:<\/strong> Puede consultar la informaci\u00f3n adicional y detallada sobre Protecci\u00f3n de Datos en nuestra p\u00e1gina web: <a href=\"https:\/\/alzuca.com\/politica-privacidad\/\"><strong><em>acceso a politica privacidad<\/em><\/strong><\/a>[\/vc_column_text][\/vc_column_inner][\/vc_row_inner][\/vc_column][\/vc_row][vc_row][vc_column][vc_column_text]<\/p>\n<p><span style=\"border-radius: 2px; text-indent: 20px; width: auto; padding: 0px 4px 0px 0px; text-align: center; font: bold 11px\/20px 'Helvetica Neue',Helvetica,sans-serif; color: #ffffff; background: #bd081c no-repeat scroll 3px 50% \/ 14px 14px; position: absolute; opacity: 1; z-index: 8675309; display: none; cursor: pointer;\">Guardar<\/span>[\/vc_column_text][\/vc_column][\/vc_row]<\/p>\n","protected":false},"excerpt":{"rendered":"<p>[vc_row][vc_column width=&#8221;1\/2&#8243;][vc_text_separator title=&#8221;You can find us in&#8230;&#8221; i_icon_fontawesome=&#8221;fa fa-map-marker&#8221; i_color=&#8221;custom&#8221; i_size=&#8221;xl&#8221; title_align=&#8221;separator_align_left&#8221; color=&#8221;black&#8221; add_icon=&#8221;true&#8221; i_custom_color=&#8221;#0194e1&#8243;][vc_empty_space&#8230;<\/p>\n","protected":false},"author":2,"featured_media":0,"parent":0,"menu_order":0,"comment_status":"closed","ping_status":"closed","template":"","meta":{"footnotes":""},"_links":{"self":[{"href":"https:\/\/alzuca.com\/en\/wp-json\/wp\/v2\/pages\/931"}],"collection":[{"href":"https:\/\/alzuca.com\/en\/wp-json\/wp\/v2\/pages"}],"about":[{"href":"https:\/\/alzuca.com\/en\/wp-json\/wp\/v2\/types\/page"}],"author":[{"embeddable":true,"href":"https:\/\/alzuca.com\/en\/wp-json\/wp\/v2\/users\/2"}],"replies":[{"embeddable":true,"href":"https:\/\/alzuca.com\/en\/wp-json\/wp\/v2\/comments?post=931"}],"version-history":[{"count":5,"href":"https:\/\/alzuca.com\/en\/wp-json\/wp\/v2\/pages\/931\/revisions"}],"predecessor-version":[{"id":1062,"href":"https:\/\/alzuca.com\/en\/wp-json\/wp\/v2\/pages\/931\/revisions\/1062"}],"wp:attachment":[{"href":"https:\/\/alzuca.com\/en\/wp-json\/wp\/v2\/media?parent=931"}],"curies":[{"name":"wp","href":"https:\/\/api.w.org\/{rel}","templated":true}]}}